{"id":5,"date":"2014-06-24T22:27:49","date_gmt":"2014-06-24T22:27:49","guid":{"rendered":"http:\/\/tom-et-ma.fr\/thehouse2\/?page_id=5"},"modified":"2015-10-08T20:58:53","modified_gmt":"2015-10-08T20:58:53","slug":"nous","status":"publish","type":"page","link":"https:\/\/tom-et-ma.fr\/thehouse2\/?page_id=5","title":{"rendered":"Nous"},"content":{"rendered":"<p>Bonjour tout le monde,<\/p>\n<p>Vous voici donc sur notre blog qui devrait vous permettre de suivre l\u2019auto construction de notre petit nid durant les mois voire les ann\u00e9es qui vont suivre.<\/p>\n<p>Pour ceux qui nous connaissent, pas besoin de lire \u00e7a et pour les autres ou les curieux, je nous d\u00e9crit rapidement.<\/p>\n<p>Marie est dans la compta, elle aime que les choses soient bien faites, super motiv\u00e9 pour faire la man\u0153uvre mais beaucoup moins pour les phases pr\u00e9liminaires un peu techniques (que les tordus du cerveau ne fasse pas de commentaires&#8230;) . Du coup, madame est pour l&rsquo;instant pr\u00e9pos\u00e9e au taches administratives et \u00e0 la b\u00e9tonni\u00e8re et c&rsquo;est super car ce n&rsquo;est pas le truc de Thomas&#8230;<\/p>\n<p>Thomas est dans la simulation des syst\u00e8mes: du logiciel, de la vente, du relationnel, du technique&#8230;dans l&rsquo;a\u00e9ronautique, l&rsquo;automobile et d&rsquo;autres. Surtout bricoleur, il aime que \u00e7a avance, vite est bien (enfin des foi c&rsquo;est pas terrible quand m\u00eame).<\/p>\n<p>Vous avez compris les caract\u00e8res, on est deux sanguins, une qui veut que tout soit nickel, l&rsquo;autre qui veut que \u00e7a d\u00e9pote&#8230;\u00e7a va donner moi j&rsquo;dis!! Mais bon d\u00e9j\u00e0 15 ans qu&rsquo;on se supporte, il doit bien y avoir une raison&#8230;avec un grand A&#8230;<\/p>\n<p>A pluche<\/p>\n","protected":false},"excerpt":{"rendered":"<p>Bonjour tout le monde, Vous voici donc sur notre blog qui devrait vous permettre de suivre l\u2019auto construction de notre petit nid durant les mois voire les ann\u00e9es qui vont suivre. Pour ceux qui nous connaissent, pas besoin de lire \u00e7a et pour les autres ou les curieux, je nous \u2026<\/p>\n<p> <a class=\"continue-reading-link\" href=\"https:\/\/tom-et-ma.fr\/thehouse2\/?page_id=5\">Continuer \u00e0 lire<i class=\"icon-right-dir\"><\/i><\/a><\/p>\n","protected":false},"author":1,"featured_media":0,"parent":0,"menu_order":0,"comment_status":"open","ping_status":"open","template":"","meta":[],"_links":{"self":[{"href":"https:\/\/tom-et-ma.fr\/thehouse2\/index.php?rest_route=\/wp\/v2\/pages\/5"}],"collection":[{"href":"https:\/\/tom-et-ma.fr\/thehouse2\/index.php?rest_route=\/wp\/v2\/pages"}],"about":[{"href":"https:\/\/tom-et-ma.fr\/thehouse2\/index.php?rest_route=\/wp\/v2\/types\/page"}],"author":[{"embeddable":true,"href":"https:\/\/tom-et-ma.fr\/thehouse2\/index.php?rest_route=\/wp\/v2\/users\/1"}],"replies":[{"embeddable":true,"href":"https:\/\/tom-et-ma.fr\/thehouse2\/index.php?rest_route=%2Fwp%2Fv2%2Fcomments&post=5"}],"version-history":[{"count":2,"href":"https:\/\/tom-et-ma.fr\/thehouse2\/index.php?rest_route=\/wp\/v2\/pages\/5\/revisions"}],"predecessor-version":[{"id":486,"href":"https:\/\/tom-et-ma.fr\/thehouse2\/index.php?rest_route=\/wp\/v2\/pages\/5\/revisions\/486"}],"wp:attachment":[{"href":"https:\/\/tom-et-ma.fr\/thehouse2\/index.php?rest_route=%2Fwp%2Fv2%2Fmedia&parent=5"}],"curies":[{"name":"wp","href":"https:\/\/api.w.org\/{rel}","templated":true}]}}